{"id":1720,"date":"2025-11-30T12:39:55","date_gmt":"2025-11-30T12:39:55","guid":{"rendered":"https:\/\/lfdf-by-vera.fr\/?post_type=product&#038;p=1720"},"modified":"2025-11-30T12:58:48","modified_gmt":"2025-11-30T12:58:48","slug":"le-totebag-toto%f0%9f%a7%b5","status":"publish","type":"product","link":"https:\/\/lfdf-by-vera.fr\/?product=le-totebag-toto%f0%9f%a7%b5","title":{"rendered":"Le Totebag Toto\ud83e\uddf5"},"content":{"rendered":"<p data-start=\"168\" data-end=\"280\">Cabas\u00a0 aussi pratiques qu\u2019\u00e9l\u00e9gants, pens\u00e9s pour toutes les femmes actives, r\u00eaveuses ou aventuri\u00e8res \ud83c\udf1e<\/p>\n<p data-start=\"282\" data-end=\"618\">Le <strong data-start=\"285\" data-end=\"298\">Totebag Toto<\/strong>, c\u2019est le compagnon parfait du quotidien : pratique, l\u00e9ger et r\u00e9sistant, il t\u2019accompagne partout.<br data-start=\"453\" data-end=\"456\" \/>Confectionn\u00e9 avec soin dans mon atelier, il allie <strong data-start=\"506\" data-end=\"536\">style, solidit\u00e9 et confort<\/strong>, gr\u00e2ce \u00e0 ses anses \u00e9paisses et \u00e0 son tissu de qualit\u00e9 s\u00e9lectionn\u00e9 avec amour \ud83d\udc9b<\/p>\n<p data-start=\"620\" data-end=\"832\">Chaque mod\u00e8le est <strong data-start=\"638\" data-end=\"669\">enti\u00e8rement personnalisable<\/strong> :<br data-start=\"671\" data-end=\"674\" \/>tu peux choisir ton <strong data-start=\"694\" data-end=\"713\">tissu ext\u00e9rieur<\/strong>, ta <strong data-start=\"718\" data-end=\"730\">doublure<\/strong> pour cr\u00e9er <em data-start=\"778\" data-end=\"795\">ton Toto unique<\/em>, celui qui te ressemble vraiment.<\/p>\n<p data-start=\"1183\" data-end=\"1332\"><strong data-start=\"155\" data-end=\"215\">\ud83d\udccf Dimensions du produit :\u00a0 H40cm \u00d7 L37 cm \u2014 Poids : 130g<\/strong><br data-start=\"215\" data-end=\"218\" \/><strong data-start=\"218\" data-end=\"321\">\ud83e\uddfa Entretien : lavable \u00e0 la main ou en machine \u00e0 basse temp\u00e9rature. Ne pas utiliser de s\u00e8che-linge.<\/strong><\/p>\n","protected":false},"excerpt":{"rendered":"<p>Informations compl\u00e9mentaires<\/p>\n","protected":false},"featured_media":1721,"comment_status":"open","ping_status":"closed","template":"","meta":[],"product_brand":[],"product_cat":[24,60],"product_tag":[27,26,28],"class_list":{"0":"post-1720","1":"product","2":"type-product","3":"status-publish","4":"has-post-thumbnail","6":"product_cat-cabas","7":"product_cat-totebag","8":"product_tag-cabas","9":"product_tag-sacs","10":"product_tag-totebag","12":"first","13":"instock","14":"shipping-taxable","15":"purchasable","16":"product-type-simple"},"_links":{"self":[{"href":"https:\/\/lfdf-by-vera.fr\/index.php?rest_route=\/wp\/v2\/product\/1720","targetHints":{"allow":["GET"]}}],"collection":[{"href":"https:\/\/lfdf-by-vera.fr\/index.php?rest_route=\/wp\/v2\/product"}],"about":[{"href":"https:\/\/lfdf-by-vera.fr\/index.php?rest_route=\/wp\/v2\/types\/product"}],"replies":[{"embeddable":true,"href":"https:\/\/lfdf-by-vera.fr\/index.php?rest_route=%2Fwp%2Fv2%2Fcomments&post=1720"}],"wp:featuredmedia":[{"embeddable":true,"href":"https:\/\/lfdf-by-vera.fr\/index.php?rest_route=\/wp\/v2\/media\/1721"}],"wp:attachment":[{"href":"https:\/\/lfdf-by-vera.fr\/index.php?rest_route=%2Fwp%2Fv2%2Fmedia&parent=1720"}],"wp:term":[{"taxonomy":"product_brand","embeddable":true,"href":"https:\/\/lfdf-by-vera.fr\/index.php?rest_route=%2Fwp%2Fv2%2Fproduct_brand&post=1720"},{"taxonomy":"product_cat","embeddable":true,"href":"https:\/\/lfdf-by-vera.fr\/index.php?rest_route=%2Fwp%2Fv2%2Fproduct_cat&post=1720"},{"taxonomy":"product_tag","embeddable":true,"href":"https:\/\/lfdf-by-vera.fr\/index.php?rest_route=%2Fwp%2Fv2%2Fproduct_tag&post=1720"}],"curies":[{"name":"wp","href":"https:\/\/api.w.org\/{rel}","templated":true}]}}