{"id":1548,"date":"2025-11-26T13:52:43","date_gmt":"2025-11-26T13:52:43","guid":{"rendered":"https:\/\/lfdf-by-vera.fr\/?post_type=product&#038;p=1548"},"modified":"2025-11-30T13:24:06","modified_gmt":"2025-11-30T13:24:06","slug":"la-trousse-bob-%f0%9f%8c%b4","status":"publish","type":"product","link":"https:\/\/lfdf-by-vera.fr\/?product=la-trousse-bob-%f0%9f%8c%b4","title":{"rendered":"La trousse Bob \ud83c\udf34"},"content":{"rendered":"<p data-start=\"129\" data-end=\"280\">Pratique, jolie et pens\u00e9e pour t\u2019accompagner partout, la trousse Bob accueille facilement maquillage, stylos, soins ou petits essentiels du quotidien \u2728<\/p>\n<p data-start=\"282\" data-end=\"403\">Enti\u00e8rement <strong data-start=\"294\" data-end=\"313\">personnalisable<\/strong>, elle est r\u00e9alis\u00e9e dans le tissu de ton choix pour cr\u00e9er une pi\u00e8ce unique, \u00e0 ton image \ud83d\udc9b<\/p>\n<p data-start=\"282\" data-end=\"403\">Dot\u00e9e d\u2019une <strong data-start=\"422\" data-end=\"449\">fermeture \u00e9clair solide,<\/strong>\u00a0elle garde tout bien en s\u00e9curit\u00e9 \ud83d\udd12<\/p>\n<p data-start=\"405\" data-end=\"550\">L\u2019int\u00e9rieur est <strong data-start=\"421\" data-end=\"461\">doubl\u00e9 d\u2019un tissu enduit imperm\u00e9able<\/strong>, parfait pour \u00e9viter les taches en cas de petite fuite et prot\u00e9ger le tissu ext\u00e9rieur \ud83c\udf27\ufe0f\u2728<\/p>\n<p data-start=\"625\" data-end=\"726\"><strong data-start=\"155\" data-end=\"215\">\ud83d\udccf Dimensions du produit :\u00a0 L17 cm \u00d7 H20 cm \u2014 Poids : 40 g<\/strong><br data-start=\"215\" data-end=\"218\" \/><strong data-start=\"218\" data-end=\"321\">\ud83e\uddfa Entretien : lavable \u00e0 la main ou en machine \u00e0 basse temp\u00e9rature. Ne pas utiliser de s\u00e8che-linge.<\/strong><\/p>\n","protected":false},"excerpt":{"rendered":"<p>Pratique, jolie et pens\u00e9e pour t\u2019accompagner partout, la trousse Bob accueille facilement maquillage, stylos, soins ou petits essentiels du quotidien \u2728 Enti\u00e8rement personnalisable, elle est r\u00e9alis\u00e9e dans le tissu de ton choix pour cr\u00e9er une pi\u00e8ce unique, \u00e0 ton image \ud83d\udc9b Dot\u00e9e d\u2019une fermeture \u00e9clair solide,\u00a0elle garde tout bien en s\u00e9curit\u00e9 \ud83d\udd12 L\u2019int\u00e9rieur est doubl\u00e9 [&hellip;]<\/p>\n","protected":false},"featured_media":1550,"comment_status":"open","ping_status":"closed","template":"","meta":[],"product_brand":[],"product_cat":[37],"product_tag":[],"class_list":{"0":"post-1548","1":"product","2":"type-product","3":"status-publish","4":"has-post-thumbnail","6":"product_cat-trousse","8":"first","9":"instock","10":"purchasable","11":"product-type-simple"},"_links":{"self":[{"href":"https:\/\/lfdf-by-vera.fr\/index.php?rest_route=\/wp\/v2\/product\/1548","targetHints":{"allow":["GET"]}}],"collection":[{"href":"https:\/\/lfdf-by-vera.fr\/index.php?rest_route=\/wp\/v2\/product"}],"about":[{"href":"https:\/\/lfdf-by-vera.fr\/index.php?rest_route=\/wp\/v2\/types\/product"}],"replies":[{"embeddable":true,"href":"https:\/\/lfdf-by-vera.fr\/index.php?rest_route=%2Fwp%2Fv2%2Fcomments&post=1548"}],"wp:featuredmedia":[{"embeddable":true,"href":"https:\/\/lfdf-by-vera.fr\/index.php?rest_route=\/wp\/v2\/media\/1550"}],"wp:attachment":[{"href":"https:\/\/lfdf-by-vera.fr\/index.php?rest_route=%2Fwp%2Fv2%2Fmedia&parent=1548"}],"wp:term":[{"taxonomy":"product_brand","embeddable":true,"href":"https:\/\/lfdf-by-vera.fr\/index.php?rest_route=%2Fwp%2Fv2%2Fproduct_brand&post=1548"},{"taxonomy":"product_cat","embeddable":true,"href":"https:\/\/lfdf-by-vera.fr\/index.php?rest_route=%2Fwp%2Fv2%2Fproduct_cat&post=1548"},{"taxonomy":"product_tag","embeddable":true,"href":"https:\/\/lfdf-by-vera.fr\/index.php?rest_route=%2Fwp%2Fv2%2Fproduct_tag&post=1548"}],"curies":[{"name":"wp","href":"https:\/\/api.w.org\/{rel}","templated":true}]}}