{"id":1371,"date":"2025-11-07T16:02:35","date_gmt":"2025-11-07T16:02:35","guid":{"rendered":"https:\/\/lfdf-by-vera.fr\/?post_type=product&#038;p=1371"},"modified":"2025-11-30T11:05:35","modified_gmt":"2025-11-30T11:05:35","slug":"grande-banane-ava%e2%9c%a8","status":"publish","type":"product","link":"https:\/\/lfdf-by-vera.fr\/?product=grande-banane-ava%e2%9c%a8","title":{"rendered":"Grande Banane Ava\u2728"},"content":{"rendered":"<p data-start=\"266\" data-end=\"420\">Styl\u00e9e, spacieuse et confortable \u2014 la <strong data-start=\"304\" data-end=\"318\">banane Ava<\/strong> est la grande s\u0153ur de la banane classique : le parfait \u00e9quilibre entre <strong data-start=\"390\" data-end=\"415\">\u00e9l\u00e9gance et praticit\u00e9<\/strong> \ud83e\uddf5<\/p>\n<p data-start=\"422\" data-end=\"685\">Elle offre un <strong data-start=\"478\" data-end=\"507\">grand volume de rangement<\/strong> tout en gardant une allure tendance.<br data-start=\"544\" data-end=\"547\" \/>Id\u00e9ale pour le quotidien, les balades ou les voyages, elle te permet d\u2019avoir l\u2019essentiel (et plus encore !) toujours \u00e0 port\u00e9e de main \ud83d\udc9b<\/p>\n<p data-start=\"687\" data-end=\"910\">Dot\u00e9e d\u2019une <strong data-start=\"699\" data-end=\"719\">fermeture zipp\u00e9e<\/strong> orn\u00e9e d\u2019un joli <strong data-start=\"736\" data-end=\"756\">pompon d\u00e9coratif<\/strong>, elle apporte une touche raffin\u00e9e \u00e0 ton look.<br data-start=\"802\" data-end=\"805\" \/>Sa <strong data-start=\"808\" data-end=\"827\">sangle r\u00e9glable<\/strong> permet de la porter \u00e0 la taille, en bandouli\u00e8re ou sur l\u2019\u00e9paule selon ton style.<\/p>\n<p data-start=\"912\" data-end=\"1110\">\ud83c\udfa8 Comme toujours, tu peux <strong data-start=\"939\" data-end=\"970\">personnaliser ta banane Ava<\/strong> : choisis ton <strong data-start=\"985\" data-end=\"1004\">tissu ext\u00e9rieur<\/strong> et ta <strong data-start=\"1011\" data-end=\"1034\">doublure int\u00e9rieure<\/strong> parmi la s\u00e9lection disponible pour cr\u00e9er un mod\u00e8le unique, \u00e0 ton image \ud83c\udf3f<\/p>\n<p data-start=\"1252\" data-end=\"1377\">\ud83c\udf38<strong> La banane Ava,<\/strong> c\u2019est l\u2019alli\u00e9e des femmes actives, libres et styl\u00e9es \u2014 un accessoire pratique qui ne passe pas inaper\u00e7u \u2728<\/p>\n<p data-start=\"1252\" data-end=\"1377\"><strong data-start=\"155\" data-end=\"215\">\ud83d\udccf Dimensions du produit :\u00a0 L45cm \u00d7\u00a0 15cm (environ) \u2014 Poids : 150g<\/strong><br data-start=\"215\" data-end=\"218\" \/><strong data-start=\"218\" data-end=\"321\">\ud83e\uddfa Entretien : lavable \u00e0 la main ou en machine \u00e0 basse temp\u00e9rature. Ne pas utiliser de s\u00e8che-linge.<\/strong><\/p>\n","protected":false},"excerpt":{"rendered":"<p>Styl\u00e9e, spacieuse et confortable \u2014 la banane Ava est la grande s\u0153ur de la banane classique : le parfait \u00e9quilibre entre \u00e9l\u00e9gance et praticit\u00e9 \ud83e\uddf5 Elle offre un grand volume de rangement tout en gardant une allure tendance.Id\u00e9ale pour le quotidien, les balades ou les voyages, elle te permet d\u2019avoir l\u2019essentiel (et plus encore !) [&hellip;]<\/p>\n","protected":false},"featured_media":1423,"comment_status":"open","ping_status":"closed","template":"","meta":[],"product_brand":[],"product_cat":[25],"product_tag":[],"class_list":{"0":"post-1371","1":"product","2":"type-product","3":"status-publish","4":"has-post-thumbnail","6":"product_cat-banana","8":"first","9":"instock","10":"shipping-taxable","11":"purchasable","12":"product-type-simple"},"_links":{"self":[{"href":"https:\/\/lfdf-by-vera.fr\/index.php?rest_route=\/wp\/v2\/product\/1371","targetHints":{"allow":["GET"]}}],"collection":[{"href":"https:\/\/lfdf-by-vera.fr\/index.php?rest_route=\/wp\/v2\/product"}],"about":[{"href":"https:\/\/lfdf-by-vera.fr\/index.php?rest_route=\/wp\/v2\/types\/product"}],"replies":[{"embeddable":true,"href":"https:\/\/lfdf-by-vera.fr\/index.php?rest_route=%2Fwp%2Fv2%2Fcomments&post=1371"}],"wp:featuredmedia":[{"embeddable":true,"href":"https:\/\/lfdf-by-vera.fr\/index.php?rest_route=\/wp\/v2\/media\/1423"}],"wp:attachment":[{"href":"https:\/\/lfdf-by-vera.fr\/index.php?rest_route=%2Fwp%2Fv2%2Fmedia&parent=1371"}],"wp:term":[{"taxonomy":"product_brand","embeddable":true,"href":"https:\/\/lfdf-by-vera.fr\/index.php?rest_route=%2Fwp%2Fv2%2Fproduct_brand&post=1371"},{"taxonomy":"product_cat","embeddable":true,"href":"https:\/\/lfdf-by-vera.fr\/index.php?rest_route=%2Fwp%2Fv2%2Fproduct_cat&post=1371"},{"taxonomy":"product_tag","embeddable":true,"href":"https:\/\/lfdf-by-vera.fr\/index.php?rest_route=%2Fwp%2Fv2%2Fproduct_tag&post=1371"}],"curies":[{"name":"wp","href":"https:\/\/api.w.org\/{rel}","templated":true}]}}