{"id":1325,"date":"2025-11-07T15:55:05","date_gmt":"2025-11-07T15:55:05","guid":{"rendered":"https:\/\/lfdf-by-vera.fr\/?post_type=product&#038;p=1325"},"modified":"2025-12-01T12:02:18","modified_gmt":"2025-12-01T12:02:18","slug":"protege-carnet-de-sante-milo%f0%9f%90%be","status":"publish","type":"product","link":"https:\/\/lfdf-by-vera.fr\/?product=protege-carnet-de-sante-milo%f0%9f%90%be","title":{"rendered":"Prot\u00e8ge-carnet de sant\u00e9 Milo\ud83d\udc3e"},"content":{"rendered":"<p data-start=\"298\" data-end=\"387\">Parce que leurs petits carnets de sant\u00e9 m\u00e9ritent, eux aussi, une touche de douceur et de style \u2728<\/p>\n<p data-start=\"389\" data-end=\"616\">Le <strong data-start=\"392\" data-end=\"424\">prot\u00e8ge-carnet de sant\u00e9 Milo<\/strong> est enti\u00e8rement fait main dans mon atelier, avec amour et soin.<br data-start=\"488\" data-end=\"491\" \/>Il prot\u00e8ge le carnet de ton compagnon \u00e0 quatre pattes \ud83d\udc36\ud83d\udc31\u00a0tout en lui donnant un look unique et color\u00e9.<\/p>\n<p data-start=\"618\" data-end=\"867\">Confectionn\u00e9 avec un <strong data-start=\"639\" data-end=\"667\">tissu ext\u00e9rieur au choix<\/strong> et une <strong data-start=\"675\" data-end=\"696\">doublure assortie<\/strong>, il est \u00e0 la fois solide, pratique et facile \u00e0 glisser dans un sac.<br data-start=\"764\" data-end=\"767\" \/>Le rabat permet de bien maintenir le carnet ferm\u00e9 et d\u2019y ranger quelques papiers ou ordonnances \ud83c\udf3f<\/p>\n<p data-start=\"869\" data-end=\"1007\">\ud83c\udfa8 Personnalise ton prot\u00e8ge-carnet en choisissant ton tissu pr\u00e9f\u00e9r\u00e9 parmi la s\u00e9lection disponible \u2014 pour un mod\u00e8le unique, \u00e0 ton image !<\/p>\n<p data-start=\"93\" data-end=\"208\">\u2728 Et pour une touche encore plus personnelle : le pr\u00e9nom de ton animal peut \u00eatre brod\u00e9 sur le prot\u00e8ge-carnet.<\/p>\n<p data-start=\"209\" data-end=\"269\"><strong>Indique simplement le pr\u00e9nom souhait\u00e9 lors de ta commande \ud83d\udc3e<\/strong><\/p>\n<p data-start=\"1107\" data-end=\"1297\">\ud83e\uddf5 Le <strong data-start=\"1113\" data-end=\"1121\">Milo<\/strong>, c\u2019est le parfait m\u00e9lange de <strong data-start=\"1151\" data-end=\"1196\">praticit\u00e9, douceur et cr\u00e9ation artisanale<\/strong>, pour accompagner chaque visite chez le v\u00e9t\u00e9rinaire avec une touche de bonne humeur.<\/p>\n<p data-start=\"1107\" data-end=\"1297\">\ud83d\udc9b <strong data-start=\"871\" data-end=\"885\">Solidarit\u00e9<\/strong><br data-start=\"885\" data-end=\"888\" \/>Pour chaque prot\u00e8ge-carnet achet\u00e9, <strong data-start=\"923\" data-end=\"981\">je reverse 5\u20ac \u00e0 l\u2019association \u201cL\u2019Arche de Villemomble\u201d<\/strong>, qui vient en aide aux chats abandonn\u00e9s ou maltrait\u00e9s.<br data-start=\"1038\" data-end=\"1041\" \/>Parce que cr\u00e9er c\u2019est bien, mais cr\u00e9er en soutenant une belle cause, c\u2019est encore mieux.<\/p>\n<p data-start=\"1107\" data-end=\"1297\"><strong data-start=\"155\" data-end=\"215\">\ud83d\udccf Dimensions du produit pour carnet de sant\u00e9 : H21 cm \u00d7 L15 cm \u2014 Poids : 40 g<\/strong><br data-start=\"215\" data-end=\"218\" \/><strong data-start=\"218\" data-end=\"321\">\ud83e\uddfa Entretien : lavable \u00e0 la main ou en machine \u00e0 basse temp\u00e9rature. Ne pas utiliser de s\u00e8che-linge.<\/strong><\/p>\n","protected":false},"excerpt":{"rendered":"<p>Parce que leurs petits carnets de sant\u00e9 m\u00e9ritent, eux aussi, une touche de douceur et de style \u2728 Le prot\u00e8ge-carnet de sant\u00e9 Milo est enti\u00e8rement fait main dans mon atelier, avec amour et soin.Il prot\u00e8ge le carnet de ton compagnon \u00e0 quatre pattes \ud83d\udc36\ud83d\udc31\u00a0tout en lui donnant un look unique et color\u00e9. Confectionn\u00e9 avec un [&hellip;]<\/p>\n","protected":false},"featured_media":1368,"comment_status":"open","ping_status":"closed","template":"","meta":[],"product_brand":[],"product_cat":[30,38],"product_tag":[],"class_list":{"0":"post-1325","1":"product","2":"type-product","3":"status-publish","4":"has-post-thumbnail","6":"product_cat-carnet-de-sante","7":"product_cat-protege-carnet","9":"first","10":"instock","11":"shipping-taxable","12":"purchasable","13":"product-type-simple"},"_links":{"self":[{"href":"https:\/\/lfdf-by-vera.fr\/index.php?rest_route=\/wp\/v2\/product\/1325","targetHints":{"allow":["GET"]}}],"collection":[{"href":"https:\/\/lfdf-by-vera.fr\/index.php?rest_route=\/wp\/v2\/product"}],"about":[{"href":"https:\/\/lfdf-by-vera.fr\/index.php?rest_route=\/wp\/v2\/types\/product"}],"replies":[{"embeddable":true,"href":"https:\/\/lfdf-by-vera.fr\/index.php?rest_route=%2Fwp%2Fv2%2Fcomments&post=1325"}],"wp:featuredmedia":[{"embeddable":true,"href":"https:\/\/lfdf-by-vera.fr\/index.php?rest_route=\/wp\/v2\/media\/1368"}],"wp:attachment":[{"href":"https:\/\/lfdf-by-vera.fr\/index.php?rest_route=%2Fwp%2Fv2%2Fmedia&parent=1325"}],"wp:term":[{"taxonomy":"product_brand","embeddable":true,"href":"https:\/\/lfdf-by-vera.fr\/index.php?rest_route=%2Fwp%2Fv2%2Fproduct_brand&post=1325"},{"taxonomy":"product_cat","embeddable":true,"href":"https:\/\/lfdf-by-vera.fr\/index.php?rest_route=%2Fwp%2Fv2%2Fproduct_cat&post=1325"},{"taxonomy":"product_tag","embeddable":true,"href":"https:\/\/lfdf-by-vera.fr\/index.php?rest_route=%2Fwp%2Fv2%2Fproduct_tag&post=1325"}],"curies":[{"name":"wp","href":"https:\/\/api.w.org\/{rel}","templated":true}]}}