{"id":1315,"date":"2025-11-07T15:47:07","date_gmt":"2025-11-07T15:47:07","guid":{"rendered":"https:\/\/lfdf-by-vera.fr\/?post_type=product&#038;p=1315"},"modified":"2025-11-30T10:59:34","modified_gmt":"2025-11-30T10:59:34","slug":"trousse-mia%f0%9f%8c%bf","status":"publish","type":"product","link":"https:\/\/lfdf-by-vera.fr\/?product=trousse-mia%f0%9f%8c%bf","title":{"rendered":"Trousse de toilette Mia\ud83c\udf3f"},"content":{"rendered":"<p data-start=\"221\" data-end=\"320\">La <strong data-start=\"224\" data-end=\"239\">Trousse de toilette Mia<\/strong> est l\u2019alli\u00e9e parfaite du quotidien : \u00e9l\u00e9gante et pratique \ud83e\uddf5<\/p>\n<p data-start=\"322\" data-end=\"585\">Id\u00e9ale pour ranger ton maquillage, tes accessoires ou tes essentiels de voyage, elle t\u2019accompagne partout \u2014 du bureau au week-end improvis\u00e9.<br data-start=\"462\" data-end=\"465\" \/>Son format g\u00e9n\u00e9reux, sa <strong data-start=\"489\" data-end=\"509\">fermeture zipp\u00e9e<\/strong> et son <strong data-start=\"517\" data-end=\"535\">pompon d\u00e9licat<\/strong> en font une pi\u00e8ce \u00e0 la fois utile et raffin\u00e9e \u2728<\/p>\n<p data-start=\"587\" data-end=\"756\">\ud83c\udfa8 Enti\u00e8rement personnalisable, tu peux <strong data-start=\"627\" data-end=\"684\">choisir ton tissu ext\u00e9rieur <\/strong>parmi la s\u00e9lection disponible, pour une cr\u00e9ation unique, \u00e0 ton image.<\/p>\n<p data-start=\"898\" data-end=\"1046\">\ud83c\udf38 La <strong data-start=\"904\" data-end=\"919\">Trousse Mia<\/strong>, c\u2019est le parfait m\u00e9lange entre <strong data-start=\"952\" data-end=\"989\">cr\u00e9ativit\u00e9, \u00e9l\u00e9gance et artisanat<\/strong>, pens\u00e9e pour t\u2019accompagner avec style jour apr\u00e8s jour.<\/p>\n<p data-start=\"898\" data-end=\"1046\"><strong data-start=\"155\" data-end=\"215\">\ud83d\udccf Dimensions du produit : H20 cm \u00d7 L30 cm \u2014 Poids : 130 g<\/strong><br data-start=\"215\" data-end=\"218\" \/><strong data-start=\"218\" data-end=\"321\">\ud83e\uddfa Entretien : lavable \u00e0 la main ou en machine \u00e0 basse temp\u00e9rature. Ne pas utiliser de s\u00e8che-linge.<\/strong><\/p>\n","protected":false},"excerpt":{"rendered":"<p>La Trousse de toilette Mia est l\u2019alli\u00e9e parfaite du quotidien : \u00e9l\u00e9gante et pratique \ud83e\uddf5 Id\u00e9ale pour ranger ton maquillage, tes accessoires ou tes essentiels de voyage, elle t\u2019accompagne partout \u2014 du bureau au week-end improvis\u00e9.Son format g\u00e9n\u00e9reux, sa fermeture zipp\u00e9e et son pompon d\u00e9licat en font une pi\u00e8ce \u00e0 la fois utile et raffin\u00e9e [&hellip;]<\/p>\n","protected":false},"featured_media":1424,"comment_status":"open","ping_status":"closed","template":"","meta":[],"product_brand":[],"product_cat":[29],"product_tag":[],"class_list":{"0":"post-1315","1":"product","2":"type-product","3":"status-publish","4":"has-post-thumbnail","6":"product_cat-trousse-de-toilette","8":"first","9":"instock","10":"shipping-taxable","11":"purchasable","12":"product-type-simple"},"_links":{"self":[{"href":"https:\/\/lfdf-by-vera.fr\/index.php?rest_route=\/wp\/v2\/product\/1315","targetHints":{"allow":["GET"]}}],"collection":[{"href":"https:\/\/lfdf-by-vera.fr\/index.php?rest_route=\/wp\/v2\/product"}],"about":[{"href":"https:\/\/lfdf-by-vera.fr\/index.php?rest_route=\/wp\/v2\/types\/product"}],"replies":[{"embeddable":true,"href":"https:\/\/lfdf-by-vera.fr\/index.php?rest_route=%2Fwp%2Fv2%2Fcomments&post=1315"}],"wp:featuredmedia":[{"embeddable":true,"href":"https:\/\/lfdf-by-vera.fr\/index.php?rest_route=\/wp\/v2\/media\/1424"}],"wp:attachment":[{"href":"https:\/\/lfdf-by-vera.fr\/index.php?rest_route=%2Fwp%2Fv2%2Fmedia&parent=1315"}],"wp:term":[{"taxonomy":"product_brand","embeddable":true,"href":"https:\/\/lfdf-by-vera.fr\/index.php?rest_route=%2Fwp%2Fv2%2Fproduct_brand&post=1315"},{"taxonomy":"product_cat","embeddable":true,"href":"https:\/\/lfdf-by-vera.fr\/index.php?rest_route=%2Fwp%2Fv2%2Fproduct_cat&post=1315"},{"taxonomy":"product_tag","embeddable":true,"href":"https:\/\/lfdf-by-vera.fr\/index.php?rest_route=%2Fwp%2Fv2%2Fproduct_tag&post=1315"}],"curies":[{"name":"wp","href":"https:\/\/api.w.org\/{rel}","templated":true}]}}