{"id":1314,"date":"2025-11-07T14:54:37","date_gmt":"2025-11-07T14:54:37","guid":{"rendered":"https:\/\/lfdf-by-vera.fr\/?post_type=product&#038;p=1314"},"modified":"2025-11-30T11:01:58","modified_gmt":"2025-11-30T11:01:58","slug":"les-gueguettes-lingettes-demaquillantes-lavables-lot-de-5%f0%9f%8c%b8","status":"publish","type":"product","link":"https:\/\/lfdf-by-vera.fr\/?product=les-gueguettes-lingettes-demaquillantes-lavables-lot-de-5%f0%9f%8c%b8","title":{"rendered":"Les Gueguettes lavables (lot de 5)\ud83c\udf38"},"content":{"rendered":"<p data-start=\"162\" data-end=\"315\">Douces pour ta peau et pour la plan\u00e8te \ud83c\udf3f<br data-start=\"203\" data-end=\"206\" \/>Les <strong data-start=\"210\" data-end=\"224\">Gueguettes<\/strong>, ce sont mes lingettes d\u00e9maquillantes lavables, cousues main avec soin dans mon atelier.<\/p>\n<p data-start=\"317\" data-end=\"533\">Chaque lingette est confectionn\u00e9e avec un <strong data-start=\"359\" data-end=\"383\">tissu coton au recto<\/strong> et une <strong data-start=\"391\" data-end=\"442\">face toute douce en \u00e9ponge bambou ou microfibre<\/strong> au verso \u2014 id\u00e9ale pour nettoyer, d\u00e9maquiller ou rafra\u00eechir ton visage tout en douceur \ud83d\udca7<\/p>\n<p data-start=\"535\" data-end=\"710\">\ud83d\udc9b Vendues <strong data-start=\"546\" data-end=\"562\">par lot de 5<\/strong>, elles sont r\u00e9utilisables, \u00e9conomiques et \u00e9cologiques \u2014 une belle alternative aux cotons jetables, avec en plus une touche artisanale et color\u00e9e.<\/p>\n<p data-start=\"972\" data-end=\"1127\">\ud83c\udf3c Les Gueguettes, c\u2019est l\u2019alliance parfaite entre <strong data-start=\"1023\" data-end=\"1070\">\u00e9co-responsabilit\u00e9, confort et bonne humeur<\/strong> \u2014 un petit geste pour toi, un grand pour la plan\u00e8te<\/p>\n<p data-start=\"972\" data-end=\"1127\"><strong data-start=\"155\" data-end=\"215\">\ud83d\udccf Dimensions du produit : H10 cm \u00d7 L8 cm \u2014 Poids : 25 g le lot de 5<\/strong><br data-start=\"215\" data-end=\"218\" \/><strong data-start=\"218\" data-end=\"321\">\ud83e\uddfa Entretien : lavable \u00e0 la main ou en machine \u00e0 basse temp\u00e9rature. Ne pas utiliser de s\u00e8che-linge.<\/strong><\/p>\n","protected":false},"excerpt":{"rendered":"<p>Douces pour ta peau et pour la plan\u00e8te \ud83c\udf3fLes Gueguettes, ce sont mes lingettes d\u00e9maquillantes lavables, cousues main avec soin dans mon atelier. Chaque lingette est confectionn\u00e9e avec un tissu coton au recto et une face toute douce en \u00e9ponge bambou ou microfibre au verso \u2014 id\u00e9ale pour nettoyer, d\u00e9maquiller ou rafra\u00eechir ton visage tout [&hellip;]<\/p>\n","protected":false},"featured_media":1267,"comment_status":"open","ping_status":"closed","template":"","meta":[],"product_brand":[],"product_cat":[35],"product_tag":[],"class_list":{"0":"post-1314","1":"product","2":"type-product","3":"status-publish","4":"has-post-thumbnail","6":"product_cat-lingette","8":"first","9":"instock","10":"shipping-taxable","11":"purchasable","12":"product-type-simple"},"_links":{"self":[{"href":"https:\/\/lfdf-by-vera.fr\/index.php?rest_route=\/wp\/v2\/product\/1314","targetHints":{"allow":["GET"]}}],"collection":[{"href":"https:\/\/lfdf-by-vera.fr\/index.php?rest_route=\/wp\/v2\/product"}],"about":[{"href":"https:\/\/lfdf-by-vera.fr\/index.php?rest_route=\/wp\/v2\/types\/product"}],"replies":[{"embeddable":true,"href":"https:\/\/lfdf-by-vera.fr\/index.php?rest_route=%2Fwp%2Fv2%2Fcomments&post=1314"}],"wp:featuredmedia":[{"embeddable":true,"href":"https:\/\/lfdf-by-vera.fr\/index.php?rest_route=\/wp\/v2\/media\/1267"}],"wp:attachment":[{"href":"https:\/\/lfdf-by-vera.fr\/index.php?rest_route=%2Fwp%2Fv2%2Fmedia&parent=1314"}],"wp:term":[{"taxonomy":"product_brand","embeddable":true,"href":"https:\/\/lfdf-by-vera.fr\/index.php?rest_route=%2Fwp%2Fv2%2Fproduct_brand&post=1314"},{"taxonomy":"product_cat","embeddable":true,"href":"https:\/\/lfdf-by-vera.fr\/index.php?rest_route=%2Fwp%2Fv2%2Fproduct_cat&post=1314"},{"taxonomy":"product_tag","embeddable":true,"href":"https:\/\/lfdf-by-vera.fr\/index.php?rest_route=%2Fwp%2Fv2%2Fproduct_tag&post=1314"}],"curies":[{"name":"wp","href":"https:\/\/api.w.org\/{rel}","templated":true}]}}