{"id":1309,"date":"2025-11-07T14:47:45","date_gmt":"2025-11-07T14:47:45","guid":{"rendered":"https:\/\/lfdf-by-vera.fr\/?post_type=product&#038;p=1309"},"modified":"2025-11-30T11:03:37","modified_gmt":"2025-11-30T11:03:37","slug":"housse-de-coussin-lea-%f0%9f%8c%b8","status":"publish","type":"product","link":"https:\/\/lfdf-by-vera.fr\/?product=housse-de-coussin-lea-%f0%9f%8c%b8","title":{"rendered":"Housse de coussin L\u00e9a \ud83c\udf38"},"content":{"rendered":"<p data-start=\"295\" data-end=\"426\">Apporte une touche unique et chaleureuse \u00e0 ta d\u00e9co avec la <strong data-start=\"354\" data-end=\"379\">housse de coussin L\u00e9a.<\/strong><\/p>\n<p data-start=\"295\" data-end=\"426\">\u00c9l\u00e9gante et confortable, elle s\u2019adapte \u00e0 tous les styles d\u2019int\u00e9rieur \u2014 du boh\u00e8me au contemporain \u2014 gr\u00e2ce \u00e0 son design \u00e9pur\u00e9 et ses finitions soign\u00e9es.<\/p>\n<p data-start=\"582\" data-end=\"913\">Chaque housse est <strong data-start=\"600\" data-end=\"631\">enti\u00e8rement personnalisable<\/strong> : choisis ton <strong data-start=\"646\" data-end=\"663\">tissu pr\u00e9f\u00e9r\u00e9<\/strong> parmi la s\u00e9lection disponible pour cr\u00e9er une pi\u00e8ce qui te ressemble \ud83c\udf3f<br data-start=\"734\" data-end=\"737\" \/>Que tu pr\u00e9f\u00e8res un velours tout doux, un coton Canvas ou un motif color\u00e9, ta housse L\u00e9a deviendra vite le petit d\u00e9tail qui fait la diff\u00e9rence dans ton salon ou ta chambre \ud83d\udc9b. Elle existe en 2<strong> formats : 4O x 40 cm et 30 x 50 cm<\/strong><\/p>\n<p data-start=\"582\" data-end=\"913\">\ud83e\uddf5 <strong data-start=\"126\" data-end=\"171\">Pratiques et pens\u00e9es pour ton quotidien :<\/strong> les housses sont enti\u00e8rement <strong data-start=\"201\" data-end=\"246\">d\u00e9zippables gr\u00e2ce \u00e0 leur fermeture \u00e9clair<\/strong>, ce qui les rend faciles \u00e0 retirer et \u00e0 nettoyer.<br data-start=\"296\" data-end=\"299\" \/>Elles sont vendues par 2 et\u00a0 <strong data-start=\"318\" data-end=\"344\" data-is-only-node=\"\">sans coussin int\u00e9rieur<\/strong>, pour te permettre d\u2019utiliser ton rembourrage pr\u00e9f\u00e9r\u00e9 \ud83e\udde1<\/p>\n<p data-start=\"1013\" data-end=\"1117\"><strong data-start=\"155\" data-end=\"215\">\ud83d\udccf Dimensions du produit : 4O x 40 cm ou 30 x 50 cm \u2014 Poids : 220 g le lot de 2<\/strong><br data-start=\"215\" data-end=\"218\" \/><strong data-start=\"218\" data-end=\"321\">\ud83e\uddfa Entretien : lavable \u00e0 la main ou en machine \u00e0 basse temp\u00e9rature. Ne pas utiliser de s\u00e8che-linge.<\/strong><\/p>\n","protected":false},"excerpt":{"rendered":"<p>Apporte une touche unique et chaleureuse \u00e0 ta d\u00e9co avec la housse de coussin L\u00e9a. \u00c9l\u00e9gante et confortable, elle s\u2019adapte \u00e0 tous les styles d\u2019int\u00e9rieur \u2014 du boh\u00e8me au contemporain \u2014 gr\u00e2ce \u00e0 son design \u00e9pur\u00e9 et ses finitions soign\u00e9es. Chaque housse est enti\u00e8rement personnalisable : choisis ton tissu pr\u00e9f\u00e9r\u00e9 parmi la s\u00e9lection disponible pour [&hellip;]<\/p>\n","protected":false},"featured_media":1312,"comment_status":"open","ping_status":"closed","template":"","meta":[],"product_brand":[],"product_cat":[34,36,33],"product_tag":[],"class_list":{"0":"post-1309","1":"product","2":"type-product","3":"status-publish","4":"has-post-thumbnail","6":"product_cat-decoration","7":"product_cat-housse-de-coussin","8":"product_cat-maison","10":"first","11":"instock","12":"shipping-taxable","13":"purchasable","14":"product-type-simple"},"_links":{"self":[{"href":"https:\/\/lfdf-by-vera.fr\/index.php?rest_route=\/wp\/v2\/product\/1309","targetHints":{"allow":["GET"]}}],"collection":[{"href":"https:\/\/lfdf-by-vera.fr\/index.php?rest_route=\/wp\/v2\/product"}],"about":[{"href":"https:\/\/lfdf-by-vera.fr\/index.php?rest_route=\/wp\/v2\/types\/product"}],"replies":[{"embeddable":true,"href":"https:\/\/lfdf-by-vera.fr\/index.php?rest_route=%2Fwp%2Fv2%2Fcomments&post=1309"}],"wp:featuredmedia":[{"embeddable":true,"href":"https:\/\/lfdf-by-vera.fr\/index.php?rest_route=\/wp\/v2\/media\/1312"}],"wp:attachment":[{"href":"https:\/\/lfdf-by-vera.fr\/index.php?rest_route=%2Fwp%2Fv2%2Fmedia&parent=1309"}],"wp:term":[{"taxonomy":"product_brand","embeddable":true,"href":"https:\/\/lfdf-by-vera.fr\/index.php?rest_route=%2Fwp%2Fv2%2Fproduct_brand&post=1309"},{"taxonomy":"product_cat","embeddable":true,"href":"https:\/\/lfdf-by-vera.fr\/index.php?rest_route=%2Fwp%2Fv2%2Fproduct_cat&post=1309"},{"taxonomy":"product_tag","embeddable":true,"href":"https:\/\/lfdf-by-vera.fr\/index.php?rest_route=%2Fwp%2Fv2%2Fproduct_tag&post=1309"}],"curies":[{"name":"wp","href":"https:\/\/api.w.org\/{rel}","templated":true}]}}