{"id":1302,"date":"2025-11-07T14:29:14","date_gmt":"2025-11-07T14:29:14","guid":{"rendered":"https:\/\/lfdf-by-vera.fr\/?post_type=product&#038;p=1302"},"modified":"2025-11-30T11:05:05","modified_gmt":"2025-11-30T11:05:05","slug":"%f0%9f%a6%81-la-banane-leo","status":"publish","type":"product","link":"https:\/\/lfdf-by-vera.fr\/?product=%f0%9f%a6%81-la-banane-leo","title":{"rendered":"La Banane L\u00e9o S \ud83e\udd81"},"content":{"rendered":"<p data-start=\"207\" data-end=\"392\">Pratique, styl\u00e9e et pleine de pep&#8217;s \ud83d\udc9b<br data-start=\"244\" data-end=\"247\" \/>La <strong data-start=\"250\" data-end=\"264\">banane L\u00e9<\/strong><strong data-start=\"250\" data-end=\"264\">o S <\/strong>est l\u2019accessoire indispensable pour garder les mains libres avec \u00e9l\u00e9gance \u2014 que ce soit en balade, en voyage ou au quotidien.<strong data-start=\"250\" data-end=\"264\">e<\/strong><\/p>\n<p data-start=\"394\" data-end=\"610\">Chaque mod\u00e8le est <strong data-start=\"440\" data-end=\"481\">unique et enti\u00e8rement personnalisable<\/strong> :<br data-start=\"483\" data-end=\"486\" \/>choisis ton <strong data-start=\"498\" data-end=\"517\">tissu ext\u00e9rieur<\/strong> et ton <strong data-start=\"525\" data-end=\"544\">tissu int\u00e9rieur<\/strong> parmi la s\u00e9lection disponible, pour une cr\u00e9ation \u00e0 ton image \ud83c\udfa8<\/p>\n<p data-start=\"612\" data-end=\"860\">Avec sa <strong data-start=\"620\" data-end=\"647\">grande ouverture zipp\u00e9e<\/strong>, sa <strong data-start=\"652\" data-end=\"672\">doublure color\u00e9e<\/strong> et sa <strong data-start=\"679\" data-end=\"698\">sangle r\u00e9glable<\/strong>, elle allie confort, fonctionnalit\u00e9 et style.<br data-start=\"744\" data-end=\"747\" \/>Sa taille id\u00e9ale te permet d\u2019y glisser l\u2019essentiel : t\u00e9l\u00e9phone, cl\u00e9s, portefeuille\u00a0 \u2728<\/p>\n<p data-start=\"1183\" data-end=\"1332\">\ud83c\udf38 La <strong>banane L\u00e9o S<\/strong>, c\u2019est le parfait \u00e9quilibre entre <strong data-start=\"1238\" data-end=\"1289\">cr\u00e9ation artisanale, praticit\u00e9 et touche de fun<\/strong> \u2014 \u00e0 porter partout et en toute saison \ud83c\udf3f<\/p>\n<p data-start=\"1183\" data-end=\"1332\"><strong data-start=\"155\" data-end=\"215\">\ud83d\udccf Dimensions du produit :\u00a0 H17 cm \u00d7 L33 cm (environ) \u2014 Poids : 120 g<\/strong><br data-start=\"215\" data-end=\"218\" \/><strong data-start=\"218\" data-end=\"321\">\ud83e\uddfa Entretien : lavable \u00e0 la main ou en machine \u00e0 basse temp\u00e9rature. Ne pas utiliser de s\u00e8che-linge.<\/strong><\/p>\n","protected":false},"excerpt":{"rendered":"<p>Pratique, styl\u00e9e et pleine de pep&#8217;s \ud83d\udc9bLa banane L\u00e9o S est l\u2019accessoire indispensable pour garder les mains libres avec \u00e9l\u00e9gance \u2014 que ce soit en balade, en voyage ou au quotidien.e Chaque mod\u00e8le est unique et enti\u00e8rement personnalisable :choisis ton tissu ext\u00e9rieur et ton tissu int\u00e9rieur parmi la s\u00e9lection disponible, pour une cr\u00e9ation \u00e0 ton [&hellip;]<\/p>\n","protected":false},"featured_media":1287,"comment_status":"open","ping_status":"closed","template":"","meta":[],"product_brand":[],"product_cat":[25],"product_tag":[],"class_list":{"0":"post-1302","1":"product","2":"type-product","3":"status-publish","4":"has-post-thumbnail","6":"product_cat-banana","8":"first","9":"instock","10":"shipping-taxable","11":"purchasable","12":"product-type-simple"},"_links":{"self":[{"href":"https:\/\/lfdf-by-vera.fr\/index.php?rest_route=\/wp\/v2\/product\/1302","targetHints":{"allow":["GET"]}}],"collection":[{"href":"https:\/\/lfdf-by-vera.fr\/index.php?rest_route=\/wp\/v2\/product"}],"about":[{"href":"https:\/\/lfdf-by-vera.fr\/index.php?rest_route=\/wp\/v2\/types\/product"}],"replies":[{"embeddable":true,"href":"https:\/\/lfdf-by-vera.fr\/index.php?rest_route=%2Fwp%2Fv2%2Fcomments&post=1302"}],"wp:featuredmedia":[{"embeddable":true,"href":"https:\/\/lfdf-by-vera.fr\/index.php?rest_route=\/wp\/v2\/media\/1287"}],"wp:attachment":[{"href":"https:\/\/lfdf-by-vera.fr\/index.php?rest_route=%2Fwp%2Fv2%2Fmedia&parent=1302"}],"wp:term":[{"taxonomy":"product_brand","embeddable":true,"href":"https:\/\/lfdf-by-vera.fr\/index.php?rest_route=%2Fwp%2Fv2%2Fproduct_brand&post=1302"},{"taxonomy":"product_cat","embeddable":true,"href":"https:\/\/lfdf-by-vera.fr\/index.php?rest_route=%2Fwp%2Fv2%2Fproduct_cat&post=1302"},{"taxonomy":"product_tag","embeddable":true,"href":"https:\/\/lfdf-by-vera.fr\/index.php?rest_route=%2Fwp%2Fv2%2Fproduct_tag&post=1302"}],"curies":[{"name":"wp","href":"https:\/\/api.w.org\/{rel}","templated":true}]}}