{"id":1295,"date":"2025-11-07T13:53:37","date_gmt":"2025-11-07T13:53:37","guid":{"rendered":"https:\/\/lfdf-by-vera.fr\/?post_type=product&#038;p=1295"},"modified":"2025-12-09T08:33:46","modified_gmt":"2025-12-09T08:33:46","slug":"les-big-kabas-mama","status":"publish","type":"product","link":"https:\/\/lfdf-by-vera.fr\/?product=les-big-kabas-mama","title":{"rendered":"Les big Kabas Mama \ud83c\udf34"},"content":{"rendered":"<p data-start=\"209\" data-end=\"410\">Le <strong data-start=\"212\" data-end=\"229\">Big Kaba Mama<\/strong>, c\u2019est <em data-start=\"237\" data-end=\"249\">le sac XXL<\/em> qu\u2019on adore emporter partout \u2600\ufe0f<br data-start=\"281\" data-end=\"284\" \/>Id\u00e9al pour la plage, les week-ends ou les journ\u00e9es bien remplies, il allie <strong data-start=\"359\" data-end=\"391\">style, solidit\u00e9 et praticit\u00e9<\/strong> \u00e0 la perfection.<\/p>\n<p data-start=\"412\" data-end=\"640\">Ultra spacieux, ce cabas peut tout contenir : serviettes, tenues de rechange, go\u00fbters, jouets ou affaires de sport \ud83c\udfd6\ufe0f<br data-start=\"530\" data-end=\"533\" \/>Et gr\u00e2ce \u00e0 ses <strong data-start=\"548\" data-end=\"583\">poches int\u00e9rieures bien pens\u00e9es<\/strong>, tes indispensables restent toujours \u00e0 port\u00e9e de main.<\/p>\n<p data-start=\"642\" data-end=\"924\">\ud83e\uddf5 Fait main dans mon atelier, chaque mod\u00e8le est confectionn\u00e9 avec soin \u00e0 partir de <strong data-start=\"726\" data-end=\"758\">tissus color\u00e9s et r\u00e9sistants<\/strong>, choisis pour leur tenue et leur originalit\u00e9.<br data-start=\"804\" data-end=\"807\" \/>Les <strong data-start=\"811\" data-end=\"828\">grandes anses<\/strong> en sangle \u00e9paisse assurent un confort optimal \u00e0 l\u2019\u00e9paule, m\u00eame quand le sac est bien rempli !<\/p>\n<p data-start=\"926\" data-end=\"1067\">\ud83c\udfa8 Personnalisable selon tes envies : choisis ton <strong data-start=\"976\" data-end=\"995\">tissu ext\u00e9rieur<\/strong> et ta <strong data-start=\"1002\" data-end=\"1014\">doublure<\/strong>, pour un sac unique, pratique et qui te ressemble.<\/p>\n<p data-start=\"1211\" data-end=\"1343\">\ud83d\udc9b Le Big Kaba Mama, c\u2019est <strong data-start=\"1238\" data-end=\"1267\">le grand sac bonne humeur<\/strong>, celui qui t\u2019accompagne partout, avec style et soleil dans les coutures \u2728<\/p>\n<p data-start=\"1183\" data-end=\"1332\"><strong data-start=\"155\" data-end=\"215\">\ud83d\udccf Dimensions du produit :\u00a0 H37 cm \u00d7\u00a0 L50cm \u2014 Poids : 250g<\/strong><br data-start=\"215\" data-end=\"218\" \/><strong data-start=\"218\" data-end=\"321\">\ud83e\uddfa Entretien : lavable \u00e0 la main ou en machine \u00e0 basse temp\u00e9rature. Ne pas utiliser de s\u00e8che-linge.<\/strong><\/p>\n","protected":false},"excerpt":{"rendered":"<p>Le Big Kaba Mama, c\u2019est le sac XXL qu\u2019on adore emporter partout \u2600\ufe0fId\u00e9al pour la plage, les week-ends ou les journ\u00e9es bien remplies, il allie style, solidit\u00e9 et praticit\u00e9 \u00e0 la perfection. Ultra spacieux, ce cabas peut tout contenir : serviettes, tenues de rechange, go\u00fbters, jouets ou affaires de sport \ud83c\udfd6\ufe0fEt gr\u00e2ce \u00e0 ses poches [&hellip;]<\/p>\n","protected":false},"featured_media":1282,"comment_status":"open","ping_status":"closed","template":"","meta":[],"product_brand":[],"product_cat":[24],"product_tag":[],"class_list":{"0":"post-1295","1":"product","2":"type-product","3":"status-publish","4":"has-post-thumbnail","6":"product_cat-cabas","8":"first","9":"instock","10":"purchasable","11":"product-type-simple"},"_links":{"self":[{"href":"https:\/\/lfdf-by-vera.fr\/index.php?rest_route=\/wp\/v2\/product\/1295","targetHints":{"allow":["GET"]}}],"collection":[{"href":"https:\/\/lfdf-by-vera.fr\/index.php?rest_route=\/wp\/v2\/product"}],"about":[{"href":"https:\/\/lfdf-by-vera.fr\/index.php?rest_route=\/wp\/v2\/types\/product"}],"replies":[{"embeddable":true,"href":"https:\/\/lfdf-by-vera.fr\/index.php?rest_route=%2Fwp%2Fv2%2Fcomments&post=1295"}],"wp:featuredmedia":[{"embeddable":true,"href":"https:\/\/lfdf-by-vera.fr\/index.php?rest_route=\/wp\/v2\/media\/1282"}],"wp:attachment":[{"href":"https:\/\/lfdf-by-vera.fr\/index.php?rest_route=%2Fwp%2Fv2%2Fmedia&parent=1295"}],"wp:term":[{"taxonomy":"product_brand","embeddable":true,"href":"https:\/\/lfdf-by-vera.fr\/index.php?rest_route=%2Fwp%2Fv2%2Fproduct_brand&post=1295"},{"taxonomy":"product_cat","embeddable":true,"href":"https:\/\/lfdf-by-vera.fr\/index.php?rest_route=%2Fwp%2Fv2%2Fproduct_cat&post=1295"},{"taxonomy":"product_tag","embeddable":true,"href":"https:\/\/lfdf-by-vera.fr\/index.php?rest_route=%2Fwp%2Fv2%2Fproduct_tag&post=1295"}],"curies":[{"name":"wp","href":"https:\/\/api.w.org\/{rel}","templated":true}]}}