{"id":1175,"date":"2025-11-03T16:15:09","date_gmt":"2025-11-03T16:15:09","guid":{"rendered":"https:\/\/lfdf-by-vera.fr\/?post_type=product&#038;p=1175"},"modified":"2025-11-30T11:27:53","modified_gmt":"2025-11-30T11:27:53","slug":"le-sac-kaya","status":"publish","type":"product","link":"https:\/\/lfdf-by-vera.fr\/?product=le-sac-kaya","title":{"rendered":"Le sac KAYA \ud83d\udc9b"},"content":{"rendered":"<p data-start=\"323\" data-end=\"474\">Le <em data-start=\"326\" data-end=\"336\">Sac Kaya<\/em> est une invitation \u00e0 l\u2019aventure \u2014 un compagnon pratique, solide et intemporel, pens\u00e9 pour t\u2019accompagner au quotidien comme en escapade \ud83c\udf3f<\/p>\n<p data-start=\"476\" data-end=\"770\">Confectionn\u00e9 \u00e0 la main dans le tissu de ton choix, il allie style, douceur et authenticit\u00e9. Sa large fermeture \u00e9clair s\u00e9curise toutes tes affaires, et sa <strong data-start=\"630\" data-end=\"650\">poche ext\u00e9rieure<\/strong> te permet de garder l\u2019essentiel \u00e0 port\u00e9e de main : t\u00e9l\u00e9phone, cl\u00e9s, petits objets\u2026 toujours accessibles et bien rang\u00e9s.<\/p>\n<p data-start=\"772\" data-end=\"922\">\u00c0 l\u2019int\u00e9rieur, une <strong data-start=\"791\" data-end=\"807\">poche zipp\u00e9e<\/strong> offre un espace suppl\u00e9mentaire pour prot\u00e9ger tes effets personnels, tout en gardant ton sac parfaitement organis\u00e9.<\/p>\n<p data-start=\"924\" data-end=\"1047\">Chaque pi\u00e8ce est unique, imagin\u00e9e et cousue avec soin pour cr\u00e9er un sac \u00e0 la fois pratique, confortable et charg\u00e9 de sens \u2728<\/p>\n<p data-start=\"1183\" data-end=\"1332\"><strong data-start=\"155\" data-end=\"215\">\ud83d\udccf Dimensions du produit :\u00a0 H25cm \u00d7\u00a0 L45cm \u2014 Poids : 200g<\/strong><br data-start=\"215\" data-end=\"218\" \/><strong data-start=\"218\" data-end=\"321\">\ud83e\uddfa Entretien : lavable \u00e0 la main ou en machine \u00e0 basse temp\u00e9rature. Ne pas utiliser de s\u00e8che-linge.<\/strong><\/p>\n","protected":false},"excerpt":{"rendered":"<p>Le Sac Kaya est une invitation \u00e0 l\u2019aventure \u2014 un compagnon pratique, solide et intemporel, pens\u00e9 pour t\u2019accompagner au quotidien comme en escapade \ud83c\udf3f Confectionn\u00e9 \u00e0 la main dans le tissu de ton choix, il allie style, douceur et authenticit\u00e9. Sa large fermeture \u00e9clair s\u00e9curise toutes tes affaires, et sa poche ext\u00e9rieure te permet de [&hellip;]<\/p>\n","protected":false},"featured_media":1326,"comment_status":"open","ping_status":"closed","template":"","meta":[],"product_brand":[],"product_cat":[31],"product_tag":[],"class_list":{"0":"post-1175","1":"product","2":"type-product","3":"status-publish","4":"has-post-thumbnail","6":"product_cat-sac-de-sport","8":"first","9":"instock","10":"shipping-taxable","11":"purchasable","12":"product-type-simple"},"_links":{"self":[{"href":"https:\/\/lfdf-by-vera.fr\/index.php?rest_route=\/wp\/v2\/product\/1175","targetHints":{"allow":["GET"]}}],"collection":[{"href":"https:\/\/lfdf-by-vera.fr\/index.php?rest_route=\/wp\/v2\/product"}],"about":[{"href":"https:\/\/lfdf-by-vera.fr\/index.php?rest_route=\/wp\/v2\/types\/product"}],"replies":[{"embeddable":true,"href":"https:\/\/lfdf-by-vera.fr\/index.php?rest_route=%2Fwp%2Fv2%2Fcomments&post=1175"}],"wp:featuredmedia":[{"embeddable":true,"href":"https:\/\/lfdf-by-vera.fr\/index.php?rest_route=\/wp\/v2\/media\/1326"}],"wp:attachment":[{"href":"https:\/\/lfdf-by-vera.fr\/index.php?rest_route=%2Fwp%2Fv2%2Fmedia&parent=1175"}],"wp:term":[{"taxonomy":"product_brand","embeddable":true,"href":"https:\/\/lfdf-by-vera.fr\/index.php?rest_route=%2Fwp%2Fv2%2Fproduct_brand&post=1175"},{"taxonomy":"product_cat","embeddable":true,"href":"https:\/\/lfdf-by-vera.fr\/index.php?rest_route=%2Fwp%2Fv2%2Fproduct_cat&post=1175"},{"taxonomy":"product_tag","embeddable":true,"href":"https:\/\/lfdf-by-vera.fr\/index.php?rest_route=%2Fwp%2Fv2%2Fproduct_tag&post=1175"}],"curies":[{"name":"wp","href":"https:\/\/api.w.org\/{rel}","templated":true}]}}