{"id":1122,"date":"2025-11-02T17:10:43","date_gmt":"2025-11-02T17:10:43","guid":{"rendered":"https:\/\/lfdf-by-vera.fr\/?post_type=product&#038;p=1122"},"modified":"2025-11-30T12:56:30","modified_gmt":"2025-11-30T12:56:30","slug":"le-cabas-mama","status":"publish","type":"product","link":"https:\/\/lfdf-by-vera.fr\/?product=le-cabas-mama","title":{"rendered":"Les Kabas mama \ud83c\udf1f"},"content":{"rendered":"<p data-start=\"168\" data-end=\"280\">Cabas\u00a0 aussi pratiques qu\u2019\u00e9l\u00e9gants, pens\u00e9s pour toutes les femmes actives, r\u00eaveuses ou aventuri\u00e8res \ud83c\udf1e<\/p>\n<p data-start=\"282\" data-end=\"618\">Le <strong data-start=\"285\" data-end=\"298\">Kaba Mama<\/strong>, c\u2019est le compagnon parfait du quotidien : spacieux, l\u00e9ger et r\u00e9sistant, il t\u2019accompagne partout \u2014 du march\u00e9 au bureau, de la plage au week-end improvis\u00e9.<br data-start=\"453\" data-end=\"456\" \/>Confectionn\u00e9 avec soin dans mon atelier, il allie <strong data-start=\"506\" data-end=\"536\">style, solidit\u00e9 et confort<\/strong>, gr\u00e2ce \u00e0 ses anses \u00e9paisses et \u00e0 son tissu de qualit\u00e9 s\u00e9lectionn\u00e9 avec amour \ud83d\udc9b<\/p>\n<p data-start=\"620\" data-end=\"832\">Chaque mod\u00e8le est <strong data-start=\"638\" data-end=\"669\">enti\u00e8rement personnalisable<\/strong> :<br data-start=\"671\" data-end=\"674\" \/>tu peux choisir ton <strong data-start=\"694\" data-end=\"713\">tissu ext\u00e9rieur<\/strong>, ta <strong data-start=\"718\" data-end=\"730\">doublure<\/strong> et m\u00eame les <strong data-start=\"743\" data-end=\"766\">d\u00e9tails de finition<\/strong> pour cr\u00e9er <em data-start=\"778\" data-end=\"795\">ton Kaba unique<\/em>, celui qui te ressemble vraiment \u2728 A l&#8217;int\u00e9rieur, une poche zipp\u00e9e permet de garder tes essentiels bien en s\u00e9curit\u00e9.<\/p>\n<p data-start=\"980\" data-end=\"1093\">Pratique, color\u00e9 et plein de bonne humeur, le Kaba Mama, c\u2019est <strong data-start=\"1043\" data-end=\"1088\">le cabas qu\u2019on adore emporter partout<\/strong> \ud83e\uddf5<\/p>\n<p data-start=\"1183\" data-end=\"1332\"><strong data-start=\"155\" data-end=\"215\">\ud83d\udccf Dimensions du produit :\u00a0 H37cm \u00d7 L45 cm \u2014 Poids : 180g<\/strong><br data-start=\"215\" data-end=\"218\" \/><strong data-start=\"218\" data-end=\"321\">\ud83e\uddfa Entretien : lavable \u00e0 la main ou en machine \u00e0 basse temp\u00e9rature. Ne pas utiliser de s\u00e8che-linge.<\/strong><\/p>\n","protected":false},"excerpt":{"rendered":"<p>Informations compl\u00e9mentaires<\/p>\n","protected":false},"featured_media":1546,"comment_status":"open","ping_status":"closed","template":"","meta":[],"product_brand":[],"product_cat":[24],"product_tag":[27,26,28],"class_list":{"0":"post-1122","1":"product","2":"type-product","3":"status-publish","4":"has-post-thumbnail","6":"product_cat-cabas","7":"product_tag-cabas","8":"product_tag-sacs","9":"product_tag-totebag","11":"first","12":"instock","13":"shipping-taxable","14":"purchasable","15":"product-type-simple"},"_links":{"self":[{"href":"https:\/\/lfdf-by-vera.fr\/index.php?rest_route=\/wp\/v2\/product\/1122","targetHints":{"allow":["GET"]}}],"collection":[{"href":"https:\/\/lfdf-by-vera.fr\/index.php?rest_route=\/wp\/v2\/product"}],"about":[{"href":"https:\/\/lfdf-by-vera.fr\/index.php?rest_route=\/wp\/v2\/types\/product"}],"replies":[{"embeddable":true,"href":"https:\/\/lfdf-by-vera.fr\/index.php?rest_route=%2Fwp%2Fv2%2Fcomments&post=1122"}],"wp:featuredmedia":[{"embeddable":true,"href":"https:\/\/lfdf-by-vera.fr\/index.php?rest_route=\/wp\/v2\/media\/1546"}],"wp:attachment":[{"href":"https:\/\/lfdf-by-vera.fr\/index.php?rest_route=%2Fwp%2Fv2%2Fmedia&parent=1122"}],"wp:term":[{"taxonomy":"product_brand","embeddable":true,"href":"https:\/\/lfdf-by-vera.fr\/index.php?rest_route=%2Fwp%2Fv2%2Fproduct_brand&post=1122"},{"taxonomy":"product_cat","embeddable":true,"href":"https:\/\/lfdf-by-vera.fr\/index.php?rest_route=%2Fwp%2Fv2%2Fproduct_cat&post=1122"},{"taxonomy":"product_tag","embeddable":true,"href":"https:\/\/lfdf-by-vera.fr\/index.php?rest_route=%2Fwp%2Fv2%2Fproduct_tag&post=1122"}],"curies":[{"name":"wp","href":"https:\/\/api.w.org\/{rel}","templated":true}]}}