{"id":1118,"date":"2025-11-02T16:58:38","date_gmt":"2025-11-02T16:58:38","guid":{"rendered":"https:\/\/lfdf-by-vera.fr\/?post_type=product&#038;p=1118"},"modified":"2025-11-30T12:57:08","modified_gmt":"2025-11-30T12:57:08","slug":"la-banane-bubu","status":"publish","type":"product","link":"https:\/\/lfdf-by-vera.fr\/?product=la-banane-bubu","title":{"rendered":"La banane bubu enfant \ud83d\udc31"},"content":{"rendered":"<p data-start=\"241\" data-end=\"485\">La <strong data-start=\"244\" data-end=\"259\">banane Bubu<\/strong> est la compagne id\u00e9ale des petits explorateurs au grand c\u0153ur \ud83e\uddd2\ud83d\udc9b<br data-start=\"325\" data-end=\"328\" \/>Avec ses <strong data-start=\"337\" data-end=\"367\">adorables oreilles de chat<\/strong> et son tissu color\u00e9 plein de vie, elle allie <strong data-start=\"413\" data-end=\"442\">fun, praticit\u00e9 et confort<\/strong> pour toutes les aventures du quotidien !<\/p>\n<p data-start=\"487\" data-end=\"867\">\ud83e\uddf5 <strong data-start=\"490\" data-end=\"514\">Fait main avec amour<\/strong> dans mon atelier, chaque mod\u00e8le est confectionn\u00e9 <strong data-start=\"564\" data-end=\"593\">selon ton choix de tissus<\/strong> : tu peux choisir le tissu ext\u00e9rieur, le tissu int\u00e9rieur ou la doublure, pour cr\u00e9er une banane vraiment unique \ud83c\udfa8<br data-start=\"707\" data-end=\"710\" \/>Le mod\u00e8le pr\u00e9sent\u00e9 ici est r\u00e9alis\u00e9 en <strong data-start=\"748\" data-end=\"772\">velours c\u00f4tel\u00e9 rouge<\/strong>, agr\u00e9ment\u00e9 de <strong data-start=\"787\" data-end=\"823\">petites oreilles en tissu fleuri<\/strong>, pour une touche joyeuse et malicieuse \ud83c\udf38 Pratique et l\u00e9g\u00e8re, la banane Bubu est parfaite pour <strong data-start=\"922\" data-end=\"990\">glisser un doudou, un petit go\u00fbter ou un tr\u00e9sor trouv\u00e9 en chemin<\/strong> \u2728<br data-start=\"992\" data-end=\"995\" \/>Elle se ferme facilement gr\u00e2ce \u00e0 une <strong data-start=\"1032\" data-end=\"1059\">fermeture zipp\u00e9e solide<\/strong> et s\u2019ajuste avec une <strong data-start=\"1081\" data-end=\"1100\">sangle r\u00e9glable<\/strong>, pour s\u2019adapter \u00e0 la taille de chaque enfant.<\/p>\n<p data-start=\"1150\" data-end=\"1257\">\ud83d\udcab Une cr\u00e9ation unique, <strong data-start=\"1174\" data-end=\"1211\">faite main et pleine de tendresse<\/strong>, qui fera le bonheur des mini aventuriers !<\/p>\n<p data-start=\"1183\" data-end=\"1332\"><strong data-start=\"155\" data-end=\"215\">\ud83d\udccf Dimensions du produit :\u00a0 H13 cm \u00d7\u00a0 L30cm \u2014 Poids : 100 g<\/strong><br data-start=\"215\" data-end=\"218\" \/><strong data-start=\"218\" data-end=\"321\">\ud83e\uddfa Entretien : lavable \u00e0 la main ou en machine \u00e0 basse temp\u00e9rature. Ne pas utiliser de s\u00e8che-linge.<\/strong><\/p>\n","protected":false},"excerpt":{"rendered":"<p>Une banane enfant<\/p>\n","protected":false},"featured_media":1439,"comment_status":"open","ping_status":"closed","template":"","meta":[],"product_brand":[],"product_cat":[25],"product_tag":[22,23],"class_list":{"0":"post-1118","1":"product","2":"type-product","3":"status-publish","4":"has-post-thumbnail","6":"product_cat-banana","7":"product_tag-banane","8":"product_tag-enfant","10":"first","11":"instock","12":"shipping-taxable","13":"purchasable","14":"product-type-simple"},"_links":{"self":[{"href":"https:\/\/lfdf-by-vera.fr\/index.php?rest_route=\/wp\/v2\/product\/1118","targetHints":{"allow":["GET"]}}],"collection":[{"href":"https:\/\/lfdf-by-vera.fr\/index.php?rest_route=\/wp\/v2\/product"}],"about":[{"href":"https:\/\/lfdf-by-vera.fr\/index.php?rest_route=\/wp\/v2\/types\/product"}],"replies":[{"embeddable":true,"href":"https:\/\/lfdf-by-vera.fr\/index.php?rest_route=%2Fwp%2Fv2%2Fcomments&post=1118"}],"wp:featuredmedia":[{"embeddable":true,"href":"https:\/\/lfdf-by-vera.fr\/index.php?rest_route=\/wp\/v2\/media\/1439"}],"wp:attachment":[{"href":"https:\/\/lfdf-by-vera.fr\/index.php?rest_route=%2Fwp%2Fv2%2Fmedia&parent=1118"}],"wp:term":[{"taxonomy":"product_brand","embeddable":true,"href":"https:\/\/lfdf-by-vera.fr\/index.php?rest_route=%2Fwp%2Fv2%2Fproduct_brand&post=1118"},{"taxonomy":"product_cat","embeddable":true,"href":"https:\/\/lfdf-by-vera.fr\/index.php?rest_route=%2Fwp%2Fv2%2Fproduct_cat&post=1118"},{"taxonomy":"product_tag","embeddable":true,"href":"https:\/\/lfdf-by-vera.fr\/index.php?rest_route=%2Fwp%2Fv2%2Fproduct_tag&post=1118"}],"curies":[{"name":"wp","href":"https:\/\/api.w.org\/{rel}","templated":true}]}}