{"id":355,"date":"2016-09-24T14:40:14","date_gmt":"2016-09-24T14:40:14","guid":{"rendered":"http:\/\/fitness2.mythemecloud.io\/?page_id=355"},"modified":"2025-11-28T12:50:59","modified_gmt":"2025-11-28T12:50:59","slug":"home","status":"publish","type":"page","link":"https:\/\/lfdf-by-vera.fr\/","title":{"rendered":"Accueil"},"content":{"rendered":"\n<h2 class=\"wp-block-heading has-vivid-cyan-blue-color has-text-color has-link-color wp-elements-ac06129d95aca26697860ae186ab6758\">\ud83c\udf3a <strong>Bienvenue chez La f\u00e9e des fils by Vera<\/strong> \ud83c\udf3a<\/h2>\n\n\n\n<p class=\"has-black-color has-text-color has-link-color wp-elements-f5782465bfe2749d08c21d5f36ee1b34\">Bienvenue dans mon univers o\u00f9 chaque cr\u00e9ation est pens\u00e9e, dessin\u00e9e et cousue avec passion \u2728<br>Chaque pi\u00e8ce est le fruit d\u2019un travail minutieux, r\u00e9alis\u00e9 \u00e0 la main par moi.<\/p>\n\n\n\n<p class=\"has-black-color has-text-color has-link-color wp-elements-f0f0a230b615f3e060866a08b708816a\">Je cr\u00e9e des <strong>sacs, bananes, cabas, trousses et autres accessoires<\/strong> aussi pratiques qu\u2019\u00e9l\u00e9gants \u2014 des compagnons du quotidien pens\u00e9s pour t\u2019accompagner partout, avec style et authenticit\u00e9.<br>Parce que pour moi, un accessoire ne doit pas seulement \u00eatre utile\u2026 il doit aussi transmettre une touche de toi, un brin de soleil \u2600\ufe0f<\/p>\n\n\n\n<p class=\"has-black-color has-text-color has-link-color wp-elements-2a170dc274d5de8d5fab476a2bdd750b\">\ud83c\udf3f Les tissus que j\u2019utilise sont choisis avec soin pour leur <strong>qualit\u00e9, leurs couleurs et leurs motifs uniques<\/strong>.<br>Chaque association est pens\u00e9e pour cr\u00e9er des mod\u00e8les \u00e0 la fois durables et pleins de caract\u00e8re.<\/p>\n\n\n\n<p class=\"has-black-color has-text-color has-link-color wp-elements-b10709109d7e0d60bb08a4559734a7be\">\ud83c\udfa8 Envie d\u2019une pi\u00e8ce unique ?<br>Je propose des <strong>cr\u00e9ations sur mesure<\/strong> : choisis ton tissu, ton format, et je confectionne une version personnalis\u00e9e, rien que pour toi.<\/p>\n\n\n<div class=\"wp-block-image\">\n<figure class=\"aligncenter size-full is-resized\"><img decoding=\"async\" src=\"http:\/\/lfdf-by-vera.fr\/wp-content\/uploads\/2025\/11\/6937-2.jpg\" alt=\"\" class=\"wp-image-1440\" style=\"width:340px;height:auto\"\/><\/figure>\n<\/div>\n\n\n<p><\/p>\n","protected":false},"excerpt":{"rendered":"<p>\ud83c\udf3a Bienvenue chez La f\u00e9e des fils by Vera \ud83c\udf3a Bienvenue dans mon univers o\u00f9 chaque cr\u00e9ation est pens\u00e9e, dessin\u00e9e et cousue avec passion \u2728Chaque pi\u00e8ce est le fruit d\u2019un travail minutieux, r\u00e9alis\u00e9 \u00e0 la main par moi. Je cr\u00e9e des sacs, bananes, cabas, trousses et autres accessoires aussi pratiques qu\u2019\u00e9l\u00e9gants \u2014 des compagnons du [&hellip;]<\/p>\n","protected":false},"author":1,"featured_media":0,"parent":0,"menu_order":0,"comment_status":"closed","ping_status":"closed","template":"","meta":{"footnotes":""},"class_list":["post-355","page","type-page","status-publish","hentry"],"_links":{"self":[{"href":"https:\/\/lfdf-by-vera.fr\/index.php?rest_route=\/wp\/v2\/pages\/355","targetHints":{"allow":["GET"]}}],"collection":[{"href":"https:\/\/lfdf-by-vera.fr\/index.php?rest_route=\/wp\/v2\/pages"}],"about":[{"href":"https:\/\/lfdf-by-vera.fr\/index.php?rest_route=\/wp\/v2\/types\/page"}],"author":[{"embeddable":true,"href":"https:\/\/lfdf-by-vera.fr\/index.php?rest_route=\/wp\/v2\/users\/1"}],"replies":[{"embeddable":true,"href":"https:\/\/lfdf-by-vera.fr\/index.php?rest_route=%2Fwp%2Fv2%2Fcomments&post=355"}],"version-history":[{"count":25,"href":"https:\/\/lfdf-by-vera.fr\/index.php?rest_route=\/wp\/v2\/pages\/355\/revisions"}],"predecessor-version":[{"id":1607,"href":"https:\/\/lfdf-by-vera.fr\/index.php?rest_route=\/wp\/v2\/pages\/355\/revisions\/1607"}],"wp:attachment":[{"href":"https:\/\/lfdf-by-vera.fr\/index.php?rest_route=%2Fwp%2Fv2%2Fmedia&parent=355"}],"curies":[{"name":"wp","href":"https:\/\/api.w.org\/{rel}","templated":true}]}}