{"id":1172,"date":"2025-11-03T16:02:10","date_gmt":"2025-11-03T16:02:10","guid":{"rendered":"https:\/\/lfdf-by-vera.fr\/?page_id=1172"},"modified":"2025-11-30T12:32:35","modified_gmt":"2025-11-30T12:32:35","slug":"votre-avis-compte","status":"publish","type":"page","link":"https:\/\/lfdf-by-vera.fr\/?page_id=1172","title":{"rendered":"Ton avis compte"},"content":{"rendered":"\n<p><strong>Ton avis compte tellement pour moi \ud83d\udc9b<\/strong><\/p>\n\n\n\n<p>Chaque cr\u00e9ation qui sort de mon atelier est faite avec passion\u2026 et beaucoup d\u2019amour pour les jolis tissus \u2728<br>Alors quand tu prends quelques instants pour partager ton ressenti, \u00e7a illumine ma journ\u00e9e (vraiment !) \ud83c\udf3c<\/p>\n\n\n\n<p>Tes mots m\u2019aident \u00e0 continuer, \u00e0 m\u2019am\u00e9liorer, \u00e0 imaginer de nouvelles pi\u00e8ces uniques\u2026 et surtout, ils encouragent d\u2019autres personnes \u00e0 d\u00e9couvrir mon univers \ud83c\udf3f<\/p>\n\n\n\n<p><strong>Une photo de ta cr\u00e9ation port\u00e9e ou mise en sc\u00e8ne ? C\u2019est encore mieux !<\/strong><br>Tu peux l\u2019ajouter directement avec ton commentaire \u2014 et \u00e7a me fera un immense plaisir \ud83e\udd0d<\/p>\n\n\n\n<p>Merci du fond du c\u0153ur pour ton soutien, tes petits mots, et ta confiance \ud83d\ude4f<br>C\u2019est gr\u00e2ce \u00e0 toi que l\u2019aventure LFDF by Vera continue de grandir.<\/p>\n\n\n\n<p><\/p>\n","protected":false},"excerpt":{"rendered":"<p>Ton avis compte tellement pour moi \ud83d\udc9b Chaque cr\u00e9ation qui sort de mon atelier est faite avec passion\u2026 et beaucoup d\u2019amour pour les jolis tissus \u2728Alors quand tu prends quelques instants pour partager ton ressenti, \u00e7a illumine ma journ\u00e9e (vraiment !) \ud83c\udf3c Tes mots m\u2019aident \u00e0 continuer, \u00e0 m\u2019am\u00e9liorer, \u00e0 imaginer de nouvelles pi\u00e8ces uniques\u2026 [&hellip;]<\/p>\n","protected":false},"author":1,"featured_media":0,"parent":0,"menu_order":0,"comment_status":"open","ping_status":"closed","template":"","meta":{"footnotes":""},"class_list":["post-1172","page","type-page","status-publish","hentry"],"_links":{"self":[{"href":"https:\/\/lfdf-by-vera.fr\/index.php?rest_route=\/wp\/v2\/pages\/1172","targetHints":{"allow":["GET"]}}],"collection":[{"href":"https:\/\/lfdf-by-vera.fr\/index.php?rest_route=\/wp\/v2\/pages"}],"about":[{"href":"https:\/\/lfdf-by-vera.fr\/index.php?rest_route=\/wp\/v2\/types\/page"}],"author":[{"embeddable":true,"href":"https:\/\/lfdf-by-vera.fr\/index.php?rest_route=\/wp\/v2\/users\/1"}],"replies":[{"embeddable":true,"href":"https:\/\/lfdf-by-vera.fr\/index.php?rest_route=%2Fwp%2Fv2%2Fcomments&post=1172"}],"version-history":[{"count":17,"href":"https:\/\/lfdf-by-vera.fr\/index.php?rest_route=\/wp\/v2\/pages\/1172\/revisions"}],"predecessor-version":[{"id":1719,"href":"https:\/\/lfdf-by-vera.fr\/index.php?rest_route=\/wp\/v2\/pages\/1172\/revisions\/1719"}],"wp:attachment":[{"href":"https:\/\/lfdf-by-vera.fr\/index.php?rest_route=%2Fwp%2Fv2%2Fmedia&parent=1172"}],"curies":[{"name":"wp","href":"https:\/\/api.w.org\/{rel}","templated":true}]}}