{"id":1133,"date":"2025-11-02T17:58:20","date_gmt":"2025-11-02T17:58:20","guid":{"rendered":"https:\/\/lfdf-by-vera.fr\/?page_id=1133"},"modified":"2025-11-14T12:40:25","modified_gmt":"2025-11-14T12:40:25","slug":"a-propros","status":"publish","type":"page","link":"https:\/\/lfdf-by-vera.fr\/?page_id=1133","title":{"rendered":"Qui suis-je ?"},"content":{"rendered":"\n<h3 class=\"wp-block-heading\">Hello,<\/h3>\n\n\n\n<p>\ud83d\udcac Derri\u00e8re <em>La F\u00e9e des Fils by Vera<\/em>, c\u2019est moi \u2014 Vera \ud83e\udd0d\u2014 une passionn\u00e9e de couture, d\u2019artisanat et de belles mati\u00e8res.<br>J\u2019aime imaginer, assembler et donner vie \u00e0 des cr\u00e9ations qui respirent la joie, la douceur et le soleil \ud83c\udf38En 2024, pendant une pause dans mon parcours professionnel, j\u2019ai eu envie d\u2019explorer un univers plus cr\u00e9atif.<br>C\u2019est ainsi que j\u2019ai d\u00e9couvert la <strong>couture<\/strong>, gr\u00e2ce \u00e0 des cours \u00e0 L&#8217;@Atelierbytheway.<br>D\u00e8s le deuxi\u00e8me cours, j\u2019ai achet\u00e9 ma premi\u00e8re machine \u00e0 coudre et commenc\u00e9 \u00e0 cr\u00e9er mes propres pi\u00e8ces \u00e0 l&#8217;aide de tuto sur le net.<\/p>\n\n\n\n<p>Tr\u00e8s vite, j\u2019ai compris que ce que j\u2019aimais le plus, c\u2019\u00e9tait <strong>la cr\u00e9ation d\u2019accessoires<\/strong> : des pi\u00e8ces color\u00e9es, pratiques et uniques, o\u00f9 je peux exprimer pleinement ma cr\u00e9ativit\u00e9.<br>D\u2019abord pour moi, puis pour mes proches, et enfin pour toutes celles et ceux qui ont envie d\u2019un accessoire <strong>fait mai<\/strong>n\ud83d\udc9b.<\/p>\n\n\n\n<hr class=\"wp-block-separator has-alpha-channel-opacity\"\/>\n\n\n\n<p>\ud83d\udcab <strong>Mon superpouvoir ? Transformer du tissu en bonne humeur.<\/strong><\/p>\n\n\n\n<p><\/p>\n\n\n<div class=\"wp-block-image\">\n<figure class=\"aligncenter size-large is-resized\"><img loading=\"lazy\" decoding=\"async\" width=\"1024\" height=\"768\" src=\"https:\/\/lfdf-by-vera.fr\/wp-content\/uploads\/2025\/11\/photo-site-moi-1024x768.jpeg\" alt=\"\" class=\"wp-image-1161\" style=\"width:568px;height:auto\" srcset=\"https:\/\/lfdf-by-vera.fr\/wp-content\/uploads\/2025\/11\/photo-site-moi-1024x768.jpeg 1024w, https:\/\/lfdf-by-vera.fr\/wp-content\/uploads\/2025\/11\/photo-site-moi-300x225.jpeg 300w, https:\/\/lfdf-by-vera.fr\/wp-content\/uploads\/2025\/11\/photo-site-moi-768x576.jpeg 768w, https:\/\/lfdf-by-vera.fr\/wp-content\/uploads\/2025\/11\/photo-site-moi-416x312.jpeg 416w, https:\/\/lfdf-by-vera.fr\/wp-content\/uploads\/2025\/11\/photo-site-moi.jpeg 1536w\" sizes=\"auto, (max-width: 1024px) 100vw, 1024px\" \/><\/figure>\n<\/div>\n\n\n<p><\/p>\n","protected":false},"excerpt":{"rendered":"<p>Hello, \ud83d\udcac Derri\u00e8re La F\u00e9e des Fils by Vera, c\u2019est moi \u2014 Vera \ud83e\udd0d\u2014 une passionn\u00e9e de couture, d\u2019artisanat et de belles mati\u00e8res.J\u2019aime imaginer, assembler et donner vie \u00e0 des cr\u00e9ations qui respirent la joie, la douceur et le soleil \ud83c\udf38En 2024, pendant une pause dans mon parcours professionnel, j\u2019ai eu envie d\u2019explorer un univers [&hellip;]<\/p>\n","protected":false},"author":1,"featured_media":0,"parent":0,"menu_order":0,"comment_status":"closed","ping_status":"closed","template":"","meta":{"footnotes":""},"class_list":["post-1133","page","type-page","status-publish","hentry"],"_links":{"self":[{"href":"https:\/\/lfdf-by-vera.fr\/index.php?rest_route=\/wp\/v2\/pages\/1133","targetHints":{"allow":["GET"]}}],"collection":[{"href":"https:\/\/lfdf-by-vera.fr\/index.php?rest_route=\/wp\/v2\/pages"}],"about":[{"href":"https:\/\/lfdf-by-vera.fr\/index.php?rest_route=\/wp\/v2\/types\/page"}],"author":[{"embeddable":true,"href":"https:\/\/lfdf-by-vera.fr\/index.php?rest_route=\/wp\/v2\/users\/1"}],"replies":[{"embeddable":true,"href":"https:\/\/lfdf-by-vera.fr\/index.php?rest_route=%2Fwp%2Fv2%2Fcomments&post=1133"}],"version-history":[{"count":12,"href":"https:\/\/lfdf-by-vera.fr\/index.php?rest_route=\/wp\/v2\/pages\/1133\/revisions"}],"predecessor-version":[{"id":1394,"href":"https:\/\/lfdf-by-vera.fr\/index.php?rest_route=\/wp\/v2\/pages\/1133\/revisions\/1394"}],"wp:attachment":[{"href":"https:\/\/lfdf-by-vera.fr\/index.php?rest_route=%2Fwp%2Fv2%2Fmedia&parent=1133"}],"curies":[{"name":"wp","href":"https:\/\/api.w.org\/{rel}","templated":true}]}}